{"id":20602,"date":"2020-05-02T18:59:15","date_gmt":"2020-05-02T16:59:15","guid":{"rendered":"https:\/\/www.lucavieri.com\/faq\/"},"modified":"2026-02-24T12:08:09","modified_gmt":"2026-02-24T11:08:09","slug":"domande","status":"publish","type":"page","link":"https:\/\/www.lucavieri.com\/it\/domande\/","title":{"rendered":"Le vostre domande"},"content":{"rendered":"\n<div style=\"height:var(--wp--preset--spacing--50)\" aria-hidden=\"true\" class=\"wp-block-spacer\"><\/div>\n\n\n\n<h2 class=\"wp-block-heading has-accent-4-color has-text-color has-link-color has-raleway-font-family has-medium-font-size wp-elements-9101eee7448ca9a912245b3c3dd20b8f\" style=\"font-style:normal;font-weight:800;letter-spacing:3px;text-transform:uppercase\">viaggi anche altrove?<\/h2>\n\n\n\n<p class=\"has-raleway-font-family has-medium-font-size\" style=\"padding-top:var(--wp--preset--spacing--50);padding-bottom:var(--wp--preset--spacing--50);font-style:normal;font-weight:600;letter-spacing:3px;line-height:1.9;text-transform:none\">Assolutamente. La mia base \u00e8 a San Remo, tra la Riviera e la Toscana, amo scoprire i luoghi attraverso il mio lavoro. Per i matrimoni oltre 100 km applico un extra per le spese di trasferta al momento del preventivo del servizio.<\/p>\n\n\n\n<h2 class=\"wp-block-heading has-accent-4-color has-text-color has-link-color has-raleway-font-family has-medium-font-size wp-elements-3dbdcbebd0b1627c8df0971773ce0b2a\" style=\"font-style:normal;font-weight:800;letter-spacing:3px;text-transform:uppercase\">come fotografi l&#8217;evento?<\/h2>\n\n\n\n<p class=\"has-raleway-font-family has-medium-font-size\" style=\"padding-top:var(--wp--preset--spacing--50);padding-bottom:var(--wp--preset--spacing--50);font-style:normal;font-weight:600;letter-spacing:3px;line-height:1.9;text-transform:none\">Fotografo senza essere troppo invasivo, i momenti significativi, le emozioni di quel giorno. Tutto il giorno del matrimonio in modo naturale ed anche divertente. <\/p>\n\n\n\n<h2 class=\"wp-block-heading has-accent-4-color has-text-color has-link-color has-raleway-font-family has-medium-font-size wp-elements-56f665462a115ed071a44146e5ed8483\" style=\"font-style:normal;font-weight:800;letter-spacing:3px;text-transform:uppercase\">non amiamo stare in posa<\/h2>\n\n\n\n<p class=\"has-raleway-font-family has-medium-font-size\" style=\"padding-top:var(--wp--preset--spacing--50);padding-bottom:var(--wp--preset--spacing--50);font-style:normal;font-weight:600;letter-spacing:3px;line-height:1.9;text-transform:none\">Ok nessun problema, dico sul serio. Il mio lavoro \u00e8 documentare le cose come accadono. Parleremo, scherzeremo, e le foto nasceranno naturalmente. <\/p>\n\n\n\n<h2 class=\"wp-block-heading has-accent-4-color has-text-color has-link-color has-raleway-font-family has-medium-font-size wp-elements-acf5c5ac65f0099a14e6bf22cde26cae\" style=\"font-style:normal;font-weight:800;letter-spacing:3px;text-transform:uppercase\">Come prenotiamo?<\/h2>\n\n\n\n<p class=\"has-raleway-font-family has-medium-font-size\" style=\"padding-top:var(--wp--preset--spacing--50);padding-bottom:var(--wp--preset--spacing--50);font-style:normal;font-weight:600;letter-spacing:3px;line-height:1.9;text-transform:none\">Scrivetemi raccontandomi un po&#8217; di voi indicando la data del matrimonio, vi risponder\u00f2 il prima possibile indicandovi la mia disponibilit\u00e0 ed i prezzi. Al momento della conferma vi invier\u00f2 il contratto per prenotare la data e le coordinate bancarie per il deposito dell&#8217;acconto pari al 30%. <\/p>\n\n\n\n<h2 class=\"wp-block-heading has-accent-4-color has-text-color has-link-color has-raleway-font-family has-medium-font-size wp-elements-a391310d7124f2c819a1149b42c498be\" style=\"font-style:normal;font-weight:800;letter-spacing:3px;text-transform:uppercase\">Quanto tempo sarai con noi?<\/h2>\n\n\n\n<p class=\"has-raleway-font-family has-medium-font-size\" style=\"padding-top:var(--wp--preset--spacing--50);padding-bottom:var(--wp--preset--spacing--50);font-style:normal;font-weight:600;letter-spacing:3px;line-height:1.9;text-transform:none\">Offro diverse opzioni di copertura oraria (solitamente dalle 2 alle 10 ore) per adattarmi a qualsiasi tipo di richiesta. Discuteremo insieme la timeline che pi\u00f9 si adatta alle vostre esigenze al momento del preventivo.<\/p>\n\n\n\n<h2 class=\"wp-block-heading has-accent-4-color has-text-color has-link-color has-raleway-font-family has-medium-font-size wp-elements-8b5cd419beda14813e1749e2454774e6\" style=\"font-style:normal;font-weight:800;letter-spacing:3px;text-transform:uppercase\">Tempi di consegna?<\/h2>\n\n\n\n<p class=\"has-raleway-font-family has-medium-font-size\" style=\"padding-top:var(--wp--preset--spacing--50);padding-bottom:var(--wp--preset--spacing--50);font-style:normal;font-weight:600;letter-spacing:3px;line-height:1.9;text-transform:none\">La vostra storia merita la cura necessaria. Per questo, i tempi di consegna sono di circa 6\/8 settimane. Su vostra richiesta invio alcuni scatti d&#8217;anteprima qualche giorno dopo il matrimonio per poter inviare i ringraziamenti.<\/p>\n\n\n\n<h2 class=\"wp-block-heading has-accent-4-color has-text-color has-link-color has-raleway-font-family has-medium-font-size wp-elements-c0ec702fb6b16c9c4d7435001a1e61fb\" style=\"font-style:normal;font-weight:800;letter-spacing:3px;text-transform:uppercase\">Vorremmo stamparle su carta<\/h2>\n\n\n\n<p class=\"has-raleway-font-family has-medium-font-size\" style=\"padding-top:var(--wp--preset--spacing--50);padding-bottom:var(--wp--preset--spacing--50);font-style:normal;font-weight:600;letter-spacing:3px;line-height:1.9;text-transform:none\">S\u00ec certamente, dopo la consegna delle foto, sar\u00f2 felice di mostrarvi le migliori opzioni per la stampa delle vostre fotografie o per la realizzazione degli album, senza alcun impegno. Se desiderate avere subito una piccola anteprima <strong><a href=\"https:\/\/www.lucavieri.com\/it\/fineart\/\" data-type=\"page\" data-id=\"20576\">potete vedere qui<\/a><\/strong> alcuni esempi.<\/p>\n\n\n\n<h2 class=\"wp-block-heading has-accent-4-color has-text-color has-link-color has-raleway-font-family has-medium-font-size wp-elements-6b893572167bf7690cfd48783709d7e3\" style=\"font-style:normal;font-weight:800;letter-spacing:3px;text-transform:uppercase\">video e drone?<\/h2>\n\n\n\n<p class=\"has-raleway-font-family has-medium-font-size\" style=\"padding-top:var(--wp--preset--spacing--50);padding-bottom:var(--wp--preset--spacing--50);font-style:normal;font-weight:600;letter-spacing:3px;line-height:1.9;text-transform:none\">Ho scelto di specializzarmi al 100% nella fotografia. Ho sempre lavorato in team ed \u00e8 importante farlo senza intoppi, per questo su vostra richiesta sar\u00e0 mia premura suggerirvi i migliori partner con i quali collaboro, garantendoci un lavoro di squadra armonioso e impeccabile.<\/p>\n\n\n\n<h2 class=\"wp-block-heading has-accent-4-color has-text-color has-link-color has-raleway-font-family has-medium-font-size wp-elements-66f3e6f73103da751712c9e637c9ff67\" style=\"font-style:normal;font-weight:800;letter-spacing:3px;text-transform:uppercase\">Che attrezzatura hai?<\/h2>\n\n\n\n<p class=\"has-raleway-font-family has-medium-font-size\" style=\"padding-top:var(--wp--preset--spacing--50);padding-bottom:var(--wp--preset--spacing--50);font-style:normal;font-weight:600;letter-spacing:3px;line-height:1.9;text-transform:none\">Attrezzatura fotografica Canon (pi\u00f9 fotocamere digitali full-frame e ottiche molto rapide, flash) per poter lavorare in tutte le condizioni di luce possibile. <\/p>\n","protected":false},"excerpt":{"rendered":"<p>viaggi anche altrove? Assolutamente. La mia base \u00e8 a San Remo, tra la Riviera e la Toscana, amo scoprire i luoghi attraverso il mio lavoro. Per i matrimoni oltre 100 km applico un extra per le spese di trasferta al momento del preventivo del servizio. come fotografi l&#8217;evento? Fotografo senza essere troppo invasivo, i momenti [&hellip;]<\/p>\n","protected":false},"author":1,"featured_media":0,"parent":0,"menu_order":0,"comment_status":"closed","ping_status":"closed","template":"","meta":{"_vp_format_video_url":"","_vp_image_focal_point":[],"_vp_custom_popup_image":0,"_vp_format_audio_url":"","_vp_album_images":[],"_vp_custom_thumbnail":0,"_vp_custom_thumbnail_focal_point":[],"_vp_custom_thumbnail_cover":0,"_vp_hover_thumbnail":0,"_vp_hover_thumbnail_focal_point":[],"footnotes":""},"class_list":["post-20602","page","type-page","status-publish","hentry"],"_links":{"self":[{"href":"https:\/\/www.lucavieri.com\/it\/wp-json\/wp\/v2\/pages\/20602","targetHints":{"allow":["GET"]}}],"collection":[{"href":"https:\/\/www.lucavieri.com\/it\/wp-json\/wp\/v2\/pages"}],"about":[{"href":"https:\/\/www.lucavieri.com\/it\/wp-json\/wp\/v2\/types\/page"}],"author":[{"embeddable":true,"href":"https:\/\/www.lucavieri.com\/it\/wp-json\/wp\/v2\/users\/1"}],"replies":[{"embeddable":true,"href":"https:\/\/www.lucavieri.com\/it\/wp-json\/wp\/v2\/comments?post=20602"}],"version-history":[{"count":52,"href":"https:\/\/www.lucavieri.com\/it\/wp-json\/wp\/v2\/pages\/20602\/revisions"}],"predecessor-version":[{"id":41347,"href":"https:\/\/www.lucavieri.com\/it\/wp-json\/wp\/v2\/pages\/20602\/revisions\/41347"}],"wp:attachment":[{"href":"https:\/\/www.lucavieri.com\/it\/wp-json\/wp\/v2\/media?parent=20602"}],"curies":[{"name":"wp","href":"https:\/\/api.w.org\/{rel}","templated":true}]}}