{"id":20733,"date":"2019-02-12T12:11:24","date_gmt":"2019-02-12T11:11:24","guid":{"rendered":"https:\/\/www.lucavieri.com\/hand-made-fine-art-album\/"},"modified":"2025-03-22T19:06:02","modified_gmt":"2025-03-22T18:06:02","slug":"personalizzazioni-album","status":"publish","type":"page","link":"https:\/\/www.lucavieri.com\/it\/fineart\/personalizzazioni-album\/","title":{"rendered":"Personalizzazioni Album"},"content":{"rendered":"\n<h2 class=\"wp-block-heading has-text-align-center has-accent-4-color has-text-color has-waiting-for-the-sunrise-font-family has-x-large-font-size\" style=\"margin-top:var(--wp--preset--spacing--60);margin-bottom:var(--wp--preset--spacing--60);font-style:normal;font-weight:400;letter-spacing:25px;text-transform:uppercase\">personalizzazioni<\/h2>\n\n\n\n<div class=\"wp-block-buttons is-content-justification-center is-layout-flex wp-container-core-buttons-is-layout-d234f690 wp-block-buttons-is-layout-flex\" style=\"margin-top:var(--wp--preset--spacing--50);margin-bottom:var(--wp--preset--spacing--50)\">\n<div class=\"wp-block-button\"><a class=\"wp-block-button__link wp-element-button\" href=\"https:\/\/www.lucavieri.com\/it\/fineart\/\">pagina principale<\/a><\/div>\n<\/div>\n\n\n\n<div class=\"wp-block-columns has-3-columns is-layout-flex wp-container-core-columns-is-layout-28f84493 wp-block-columns-is-layout-flex\">\n<div class=\"wp-block-column is-layout-flow wp-block-column-is-layout-flow\">\n<h2 class=\"wp-block-heading has-secondary-color has-text-color has-ysabeau-office-font-family has-medium-font-size\" style=\"font-style:normal;font-weight:800;letter-spacing:2px;text-transform:uppercase\">PELLE<\/h2>\n\n\n\n<p class=\"has-ysabeau-office-font-family has-medium-font-size\" style=\"font-style:normal;font-weight:400;letter-spacing:1px;line-height:1.6;text-transform:none\">Vera pelle in stile contemporaneo disponibile in 24 diverse tonalit\u00e0. Ogni colorazione ha caratteristiche uniche di altissima qualit\u00e0 e di estrema resistenza. <\/p>\n<\/div>\n\n\n\n<div class=\"wp-block-column is-layout-flow wp-block-column-is-layout-flow\">\n<h2 class=\"wp-block-heading has-secondary-color has-text-color has-ysabeau-office-font-family has-medium-font-size\" style=\"font-style:normal;font-weight:800;letter-spacing:2px;text-transform:uppercase\">COTONE 100 %<\/h2>\n\n\n\n<p class=\"has-ysabeau-office-font-family has-medium-font-size\" style=\"font-style:normal;font-weight:400;letter-spacing:1px;line-height:1.6;text-transform:none\">Linea in 100% cotone di altissima qualit\u00e0 dai toni naturali e in colori luminosi <\/p>\n<\/div>\n\n\n\n<div class=\"wp-block-column is-layout-flow wp-block-column-is-layout-flow\">\n<h2 class=\"wp-block-heading has-secondary-color has-text-color has-ysabeau-office-font-family has-medium-font-size\" style=\"font-style:normal;font-weight:800;letter-spacing:2px;text-transform:uppercase\">TELA TESSUTO<\/h2>\n\n\n\n<p class=\"has-ysabeau-office-font-family has-medium-font-size\" style=\"font-style:normal;font-weight:400;letter-spacing:1px;line-height:1.6;text-transform:none\">Leggere e fresche tonalit\u00e0 Pastello su tessuto in base Rayon, una fibra realizzata con grande attenzione alle risorse naturali. <\/p>\n<\/div>\n\n\n\n<div class=\"wp-block-column is-layout-flow wp-block-column-is-layout-flow\">\n<h2 class=\"wp-block-heading has-secondary-color has-text-color has-ysabeau-office-font-family has-medium-font-size\" style=\"font-style:normal;font-weight:800;letter-spacing:2px;text-transform:uppercase\">VEGANO<\/h2>\n\n\n\n<p class=\"has-ysabeau-office-font-family has-medium-font-size\" style=\"font-style:normal;font-weight:400;letter-spacing:1px;line-height:1.6;text-transform:none\">Un&#8217;alternativa vegan-friendly alla pelle \u00e8 disponibile in 8 bellissimi colori accuratamente selezionati. Un materiale meravigliosamente morbido con una sensazione simile alla pelle  <\/p>\n<\/div>\n\n\n\n<div class=\"wp-block-column is-layout-flow wp-block-column-is-layout-flow\">\n<h2 class=\"wp-block-heading has-secondary-color has-text-color has-ysabeau-office-font-family has-medium-font-size\" style=\"font-style:normal;font-weight:800;letter-spacing:2px;text-transform:uppercase\">SETA<\/h2>\n\n\n\n<p class=\"has-ysabeau-office-font-family has-medium-font-size\" style=\"font-style:normal;font-weight:400;letter-spacing:1px;line-height:1.6;text-transform:none\">Per migliaia di anni la seta \u00e8 stata scelta per la sua qualit\u00e0 e bellezza naturale. Le coperture di seta sono disponibili in una gamma di colori vibranti che brillano sotto la luce.<\/p>\n<\/div>\n<\/div>\n\n\n\n<h2 class=\"wp-block-heading has-text-align-center has-accent-4-color has-text-color has-raleway-font-family has-x-large-font-size\" style=\"margin-top:var(--wp--preset--spacing--50);margin-bottom:var(--wp--preset--spacing--50);font-style:normal;font-weight:200;letter-spacing:2px;text-transform:uppercase\">FORMATI <\/h2>\n\n\n\n<figure class=\"wp-block-table is-style-tw-border-h has-raleway-font-family has-medium-font-size\" style=\"font-style:normal;font-weight:400;letter-spacing:2px\"><table class=\"has-fixed-layout\"><tbody><tr><td class=\"has-text-align-center\" data-align=\"center\">30 x 30<\/td><\/tr><tr><td class=\"has-text-align-center\" data-align=\"center\">25 x 25<\/td><\/tr><tr><td class=\"has-text-align-center\" data-align=\"center\">20 x 20<\/td><\/tr><tr><td class=\"has-text-align-center\" data-align=\"center\">15 x 15<\/td><\/tr><tr><td class=\"has-text-align-center\" data-align=\"center\">L. 30 x 21 A.<\/td><\/tr><tr><td class=\"has-text-align-center\" data-align=\"center\">L. 21 x 30 A.<\/td><\/tr><tr><td class=\"has-text-align-center\" data-align=\"center\">L. 21 x 15 A.<\/td><\/tr><tr><td class=\"has-text-align-center\" data-align=\"center\">L. 15 x 21 A.<\/td><\/tr><\/tbody><\/table><figcaption class=\"wp-element-caption\">* misure espresse in centimetri<\/figcaption><\/figure>\n\n\n\n<h2 class=\"wp-block-heading has-text-align-center has-accent-4-color has-text-color has-raleway-font-family has-x-large-font-size\" style=\"padding-top:var(--wp--preset--spacing--50);padding-bottom:var(--wp--preset--spacing--50);font-style:normal;font-weight:200;letter-spacing:2px;text-transform:uppercase\">Numero di PAGINE<\/h2>\n\n\n\n<figure class=\"wp-block-table is-style-tw-border-h has-raleway-font-family has-medium-font-size\" style=\"font-style:normal;font-weight:400;letter-spacing:2px\"><table class=\"has-fixed-layout\"><thead><tr><th class=\"has-text-align-center\" data-align=\"center\">Fine Art<\/th><th class=\"has-text-align-center\" data-align=\"center\">Matted *<\/th><\/tr><\/thead><tbody><tr><td class=\"has-text-align-center\" data-align=\"center\">30<\/td><td class=\"has-text-align-center\" data-align=\"center\">20<\/td><\/tr><tr><td class=\"has-text-align-center\" data-align=\"center\">60<\/td><td class=\"has-text-align-center\" data-align=\"center\">30<\/td><\/tr><tr><td class=\"has-text-align-center\" data-align=\"center\">80<\/td><td class=\"has-text-align-center\" data-align=\"center\">40<\/td><\/tr><tr><td class=\"has-text-align-center\" data-align=\"center\">100<\/td><td class=\"has-text-align-center\" data-align=\"center\">60<\/td><\/tr><\/tbody><\/table><figcaption class=\"wp-element-caption\">* La singola pagina del Matted \u00e8 composta da un cartoncino doppio a Passe-partout <\/figcaption><\/figure>\n\n\n\n<h2 class=\"wp-block-heading has-text-align-center has-accent-4-color has-text-color has-raleway-font-family has-x-large-font-size\" style=\"padding-top:var(--wp--preset--spacing--50);padding-bottom:var(--wp--preset--spacing--50);font-style:normal;font-weight:200;letter-spacing:2px;text-transform:uppercase\">COPERTINA<\/h2>\n\n\n\n<figure class=\"wp-block-table is-style-tw-border-h has-raleway-font-family has-medium-font-size\" style=\"font-style:normal;font-weight:400;letter-spacing:2px\"><table class=\"has-fixed-layout\"><tbody><tr><td class=\"has-text-align-center\" data-align=\"center\">Stampa in Bianco oppure in Nero<\/td><\/tr><tr><td class=\"has-text-align-center\" data-align=\"center\">Punzone a Secco<\/td><\/tr><tr><td class=\"has-text-align-center\" data-align=\"center\">incisione Laser<\/td><\/tr><tr><td class=\"has-text-align-center\" data-align=\"center\">Laminatura metallica<\/td><\/tr><tr><td class=\"has-text-align-center\" data-align=\"center\">Stampa in vero Oro a 22 Carati<\/td><\/tr><tr><td class=\"has-text-align-center\" data-align=\"center\">Stampa al Palladio<\/td><\/tr><\/tbody><\/table><\/figure>\n\n\n\n<div style=\"height:var(--wp--preset--spacing--80)\" aria-hidden=\"true\" class=\"wp-block-spacer\"><\/div>\n","protected":false},"excerpt":{"rendered":"<p>personalizzazioni PELLE Vera pelle in stile contemporaneo disponibile in 24 diverse tonalit\u00e0. Ogni colorazione ha caratteristiche uniche di altissima qualit\u00e0 e di estrema resistenza. COTONE 100 % Linea in 100% cotone di altissima qualit\u00e0 dai toni naturali e in colori luminosi TELA TESSUTO Leggere e fresche tonalit\u00e0 Pastello su tessuto in base Rayon, una fibra [&hellip;]<\/p>\n","protected":false},"author":1,"featured_media":0,"parent":20576,"menu_order":0,"comment_status":"closed","ping_status":"closed","template":"","meta":{"_vp_format_video_url":"","_vp_image_focal_point":{"x":0.55,"y":0.49},"_vp_custom_popup_image":0,"_vp_format_audio_url":"","_vp_album_images":[],"_vp_custom_thumbnail":0,"_vp_custom_thumbnail_focal_point":[],"_vp_custom_thumbnail_cover":0,"_vp_hover_thumbnail":0,"_vp_hover_thumbnail_focal_point":[],"footnotes":""},"class_list":["post-20733","page","type-page","status-publish","hentry"],"_links":{"self":[{"href":"https:\/\/www.lucavieri.com\/it\/wp-json\/wp\/v2\/pages\/20733","targetHints":{"allow":["GET"]}}],"collection":[{"href":"https:\/\/www.lucavieri.com\/it\/wp-json\/wp\/v2\/pages"}],"about":[{"href":"https:\/\/www.lucavieri.com\/it\/wp-json\/wp\/v2\/types\/page"}],"author":[{"embeddable":true,"href":"https:\/\/www.lucavieri.com\/it\/wp-json\/wp\/v2\/users\/1"}],"replies":[{"embeddable":true,"href":"https:\/\/www.lucavieri.com\/it\/wp-json\/wp\/v2\/comments?post=20733"}],"version-history":[{"count":0,"href":"https:\/\/www.lucavieri.com\/it\/wp-json\/wp\/v2\/pages\/20733\/revisions"}],"up":[{"embeddable":true,"href":"https:\/\/www.lucavieri.com\/it\/wp-json\/wp\/v2\/pages\/20576"}],"wp:attachment":[{"href":"https:\/\/www.lucavieri.com\/it\/wp-json\/wp\/v2\/media?parent=20733"}],"curies":[{"name":"wp","href":"https:\/\/api.w.org\/{rel}","templated":true}]}}