{"id":21896,"date":"2020-08-21T14:52:56","date_gmt":"2020-08-21T12:52:56","guid":{"rendered":"https:\/\/www.lucavieri.com\/?page_id=21896"},"modified":"2025-09-03T19:26:36","modified_gmt":"2025-09-03T17:26:36","slug":"fotografo-matrimonio-matera","status":"publish","type":"page","link":"https:\/\/www.lucavieri.com\/it\/fotografo-matrimonio-matera\/","title":{"rendered":"fotografo matrimonio Matera"},"content":{"rendered":"\n<h2 class=\"wp-block-heading has-text-align-center has-secondary-color has-text-color has-bodoni-moda-font-family has-xx-large-font-size\" style=\"letter-spacing:2px;text-transform:uppercase\">Luca Vieri fotografia di matrimonio nei meravigliosi <br>Sassi di Matera<\/h2>\n\n\n\n<div style=\"height:35px\" aria-hidden=\"true\" class=\"wp-block-spacer\"><\/div>\n\n\n\n<p class=\"has-secondary-color has-text-color has-raleway-font-family has-medium-font-size\" style=\"font-style:normal;font-weight:400;letter-spacing:2px;line-height:1.9;text-transform:none\">Matera \u00e8 tra le citt\u00e0 pi\u00f9 affascinanti d\u2019Italia, con i suoi antichi Sassi scolpiti nella roccia, la luce dorata e panorami senza tempo. Qui&nbsp;<strong><a href=\"https:\/\/www.lucavieri.com\/it\/ciao\/\" data-type=\"page\" data-id=\"20582\">Luca Vieri<\/a><\/strong>&nbsp;realizza fotografie per matrimoni uniche e autentiche, capaci di catturare emozioni, dettagli e l\u2019essenza della Basilicata.<\/p>\n\n\n\n<p class=\"has-secondary-color has-text-color has-raleway-font-family has-medium-font-size\" style=\"font-style:normal;font-weight:400;letter-spacing:2px;line-height:1.9;text-transform:none\">Basato sull\u2019ispirazione del paesaggio e la sua esperienza locale, Luca offre un servizio fotografico raffinato per destination wedding in Matera: reportage spontanei, ritratti eleganti tra le vie dei Sassi e momenti intimi nella natura della Murgia.<\/p>\n\n\n\n<p class=\"has-secondary-color has-text-color has-raleway-font-family has-medium-font-size\" style=\"font-style:normal;font-weight:400;letter-spacing:2px;line-height:1.9;text-transform:none\">Dai panorami mozzafiato e scorci storici di Matera, fino a location come <strong><a href=\"https:\/\/www.lucavieri.com\/it\/matrimonio-ad-altamura-i-luoghi-di-pitti\/\" data-type=\"post\" data-id=\"21160\">i Luoghi di Pitti<\/a><\/strong>, <a href=\"https:\/\/www.lucavieri.com\/it\/matrimonio-arbereshe-in-basilicata\/\" data-type=\"post\" data-id=\"20775\"><strong>Villa Schiuma<\/strong><\/a> o <strong><a href=\"https:\/\/www.lucavieri.com\/it\/matrimonio-nei-sassi-di-matera\/\" data-type=\"post\" data-id=\"21621\">Tenuta Calderoni Martini<\/a><\/strong>, ogni immagine racconta storie personali illuminate dalla luce del Sud. Se cercate un fotografo di matrimonio a Matera capace di trasformare il vostro giorno in ricordi eterni, Luca \u00e8 pronto a raccontare la vostra storia con emozione e stile.<\/p>\n\n\n\n<p class=\"has-text-align-center has-secondary-color has-text-color has-raleway-font-family has-medium-font-size\" style=\"padding-top:var(--wp--preset--spacing--40);padding-bottom:var(--wp--preset--spacing--40);font-style:normal;font-weight:400;letter-spacing:2px;line-height:1.9;text-transform:none\"><strong><a href=\"https:\/\/www.lucavieri.com\/it\/contatto\/\" data-type=\"page\" data-id=\"20609\">Contattami per una video call e scopri come rendere il tuo matrimonio in Basilicata indimenticabile.<\/a><\/strong><\/p>\n\n\n<div class=\"wp-block-visual-portfolio\">\n<div class=\"vp-portfolio vp-uid-1f025454 vp-id-1yFpHX\"\n\tdata-vp-layout=\"slider\" data-vp-content-source=\"images\" data-vp-items-style=\"default\" data-vp-items-click-action=\"\" data-vp-items-gap=\"15\" data-vp-items-gap-vertical=\"\" data-vp-pagination=\"load-more\" data-vp-next-page-url=\"\" data-vp-random-seed=\"3811380122\" data-vp-slider-effect=\"slide\" data-vp-slider-items-height=\"600px\" data-vp-slider-items-min-height=\"600\" data-vp-slider-slides-per-view=\"auto\" data-vp-slider-speed=\"0.3\" data-vp-slider-autoplay=\"3.2\" data-vp-slider-autoplay-hover-pause=\"false\" data-vp-slider-centered-slides=\"true\" data-vp-slider-loop=\"false\" data-vp-slider-free-mode=\"false\" data-vp-slider-free-mode-sticky=\"false\" data-vp-slider-arrows=\"false\" data-vp-slider-bullets=\"false\" data-vp-slider-bullets-dynamic=\"false\" data-vp-slider-mousewheel=\"false\" data-vp-slider-thumbnails=\"false\" >\n\t<div class=\"vp-portfolio__preloader-wrap\">\n\t\t<div class=\"vp-portfolio__preloader\">\n\t\t\t<img decoding=\"async\" loading=\"eager\" src=\"https:\/\/www.lucavieri.com\/wp-content\/uploads\/2025\/03\/logo_luca_vieri_fotografo_sanremo-150x150-3.png\" alt=\"Luca Vieri fotografo\" width=\"20\" height=\"20\" data-skip-lazy>\n\t\t<\/div>\n\t<\/div>\n\t\t<div class=\"vp-portfolio__items-wrap\">\n\t\t\t\n<div class=\"vp-portfolio__items vp-portfolio__items-style-default vp-portfolio__items-show-overlay-hover\">\n\n\t\t<div\t\tclass=\"vp-portfolio__item-wrap vp-portfolio__item-uid-2cbdc381\" data-vp-filter=\"\" style=\"--vp-images__object-position: 53% 56%;\" \t\t>\n\t\t\t\t\t\t\t\t\t<figure class=\"vp-portfolio__item\">\n\t\t\t\t\n<div class=\"vp-portfolio__item-img-wrap\">\n\t<div class=\"vp-portfolio__item-img\">\n\t\t\n\t\t<img loading=\"lazy\" decoding=\"async\" width=\"900\" height=\"600\" src=\"https:\/\/www.lucavieri.com\/wp-content\/uploads\/2020\/08\/luca_vieri_fotografo_matrimonio_matera_basilicata_salento_puglia_luca_vieri_wedding_photographer_basilicata_matera_salento_puglia-70.jpg\" class=\"wp-image-21729\" alt=\"Amaro Lucano Matera\" srcset=\"https:\/\/www.lucavieri.com\/wp-content\/uploads\/2020\/08\/luca_vieri_fotografo_matrimonio_matera_basilicata_salento_puglia_luca_vieri_wedding_photographer_basilicata_matera_salento_puglia-70.jpg 900w, https:\/\/www.lucavieri.com\/wp-content\/uploads\/2020\/08\/luca_vieri_fotografo_matrimonio_matera_basilicata_salento_puglia_luca_vieri_wedding_photographer_basilicata_matera_salento_puglia-70-500x333.jpg 500w, https:\/\/www.lucavieri.com\/wp-content\/uploads\/2020\/08\/luca_vieri_fotografo_matrimonio_matera_basilicata_salento_puglia_luca_vieri_wedding_photographer_basilicata_matera_salento_puglia-70-768x512.jpg 768w\" sizes=\"auto, (max-width: 900px) 100vw, 900px\" \/>\n\t\t<div class=\"vp-portfolio__item-overlay\">\n\t\t\t\t\t<\/div>\n\n\t\t\t<\/div>\n<\/div>\n\n\t\t\t<\/figure>\n\t\t\t\t\t<\/div>\n\t\t\n\t\t<div\t\tclass=\"vp-portfolio__item-wrap vp-portfolio__item-uid-82c26a14\" data-vp-filter=\"\" style=\"--vp-images__object-position: 55% 32%;\" \t\t>\n\t\t\t\t\t\t\t\t\t<figure class=\"vp-portfolio__item\">\n\t\t\t\t\n<div class=\"vp-portfolio__item-img-wrap\">\n\t<div class=\"vp-portfolio__item-img\">\n\t\t\n\t\t<img loading=\"lazy\" decoding=\"async\" width=\"900\" height=\"600\" src=\"https:\/\/www.lucavieri.com\/wp-content\/uploads\/2020\/08\/luca_vieri_fotografo_matrimonio_matera_basilicata_salento_puglia_luca_vieri_wedding_photographer_basilicata_matera_salento_puglia-79.jpg\" class=\"wp-image-21744\" alt=\"Sassi di Matera fotografia di matrimonio\" srcset=\"https:\/\/www.lucavieri.com\/wp-content\/uploads\/2020\/08\/luca_vieri_fotografo_matrimonio_matera_basilicata_salento_puglia_luca_vieri_wedding_photographer_basilicata_matera_salento_puglia-79.jpg 900w, https:\/\/www.lucavieri.com\/wp-content\/uploads\/2020\/08\/luca_vieri_fotografo_matrimonio_matera_basilicata_salento_puglia_luca_vieri_wedding_photographer_basilicata_matera_salento_puglia-79-500x333.jpg 500w, https:\/\/www.lucavieri.com\/wp-content\/uploads\/2020\/08\/luca_vieri_fotografo_matrimonio_matera_basilicata_salento_puglia_luca_vieri_wedding_photographer_basilicata_matera_salento_puglia-79-768x512.jpg 768w\" sizes=\"auto, (max-width: 900px) 100vw, 900px\" \/>\n\t\t<div class=\"vp-portfolio__item-overlay\">\n\t\t\t\t\t<\/div>\n\n\t\t\t<\/div>\n<\/div>\n\n\t\t\t<\/figure>\n\t\t\t\t\t<\/div>\n\t\t\n\t\t<div\t\tclass=\"vp-portfolio__item-wrap vp-portfolio__item-uid-1d78edc3\" data-vp-filter=\"\" style=\"--vp-images__object-position: 66% 32%;\" \t\t>\n\t\t\t\t\t\t\t\t\t<figure class=\"vp-portfolio__item\">\n\t\t\t\t\n<div class=\"vp-portfolio__item-img-wrap\">\n\t<div class=\"vp-portfolio__item-img\">\n\t\t\n\t\t<img loading=\"lazy\" decoding=\"async\" width=\"600\" height=\"900\" src=\"https:\/\/www.lucavieri.com\/wp-content\/uploads\/2017\/02\/luca_vieri_wedding_photographer_matera_basilicata_southern_italy_wedding_arbereshe_italy_matrimonio_arbereshe_fotografo_amtrimonio_matera-71.jpg\" class=\"wp-image-19030\" alt=\"Luca Vieri Fotografo Sassi di Matera\" srcset=\"https:\/\/www.lucavieri.com\/wp-content\/uploads\/2017\/02\/luca_vieri_wedding_photographer_matera_basilicata_southern_italy_wedding_arbereshe_italy_matrimonio_arbereshe_fotografo_amtrimonio_matera-71.jpg 600w, https:\/\/www.lucavieri.com\/wp-content\/uploads\/2017\/02\/luca_vieri_wedding_photographer_matera_basilicata_southern_italy_wedding_arbereshe_italy_matrimonio_arbereshe_fotografo_amtrimonio_matera-71-333x500.jpg 333w\" sizes=\"auto, (max-width: 600px) 100vw, 600px\" \/>\n\t\t<div class=\"vp-portfolio__item-overlay\">\n\t\t\t\t\t<\/div>\n\n\t\t\t<\/div>\n<\/div>\n\n\t\t\t<\/figure>\n\t\t\t\t\t<\/div>\n\t\t\n\t\t<div\t\tclass=\"vp-portfolio__item-wrap vp-portfolio__item-uid-d6351a06\" data-vp-filter=\"\" style=\"--vp-images__object-position: 76% 49%;\" \t\t>\n\t\t\t\t\t\t\t\t\t<figure class=\"vp-portfolio__item\">\n\t\t\t\t\n<div class=\"vp-portfolio__item-img-wrap\">\n\t<div class=\"vp-portfolio__item-img\">\n\t\t\n\t\t<img loading=\"lazy\" decoding=\"async\" width=\"800\" height=\"533\" src=\"https:\/\/www.lucavieri.com\/wp-content\/uploads\/2017\/02\/luca_vieri_wedding_photographer_matera_basilicata_southern_italy_wedding_arbereshe_italy_matrimonio_arbereshe_fotografo_amtrimonio_matera-992.jpg\" class=\"wp-image-19043\" alt=\"Velo da Sposa Matera\" srcset=\"https:\/\/www.lucavieri.com\/wp-content\/uploads\/2017\/02\/luca_vieri_wedding_photographer_matera_basilicata_southern_italy_wedding_arbereshe_italy_matrimonio_arbereshe_fotografo_amtrimonio_matera-992.jpg 800w, https:\/\/www.lucavieri.com\/wp-content\/uploads\/2017\/02\/luca_vieri_wedding_photographer_matera_basilicata_southern_italy_wedding_arbereshe_italy_matrimonio_arbereshe_fotografo_amtrimonio_matera-992-500x333.jpg 500w, https:\/\/www.lucavieri.com\/wp-content\/uploads\/2017\/02\/luca_vieri_wedding_photographer_matera_basilicata_southern_italy_wedding_arbereshe_italy_matrimonio_arbereshe_fotografo_amtrimonio_matera-992-768x512.jpg 768w\" sizes=\"auto, (max-width: 800px) 100vw, 800px\" \/>\n\t\t<div class=\"vp-portfolio__item-overlay\">\n\t\t\t\t\t<\/div>\n\n\t\t\t<\/div>\n<\/div>\n\n\t\t\t<\/figure>\n\t\t\t\t\t<\/div>\n\t\t\n\t\t<div\t\tclass=\"vp-portfolio__item-wrap vp-portfolio__item-uid-68e7cef9\" data-vp-filter=\"\" style=\"--vp-images__object-position: 46% 48%;\" \t\t>\n\t\t\t\t\t\t\t\t\t<figure class=\"vp-portfolio__item\">\n\t\t\t\t\n<div class=\"vp-portfolio__item-img-wrap\">\n\t<div class=\"vp-portfolio__item-img\">\n\t\t\n\t\t<img loading=\"lazy\" decoding=\"async\" width=\"600\" height=\"900\" src=\"https:\/\/www.lucavieri.com\/wp-content\/uploads\/2017\/02\/luca_vieri_wedding_photographer_matera_basilicata_southern_italy_wedding_arbereshe_italy_matrimonio_arbereshe_fotografo_amtrimonio_matera-76.jpg\" class=\"wp-image-19032\" alt=\"Abito Sposa Matera\" srcset=\"https:\/\/www.lucavieri.com\/wp-content\/uploads\/2017\/02\/luca_vieri_wedding_photographer_matera_basilicata_southern_italy_wedding_arbereshe_italy_matrimonio_arbereshe_fotografo_amtrimonio_matera-76.jpg 600w, https:\/\/www.lucavieri.com\/wp-content\/uploads\/2017\/02\/luca_vieri_wedding_photographer_matera_basilicata_southern_italy_wedding_arbereshe_italy_matrimonio_arbereshe_fotografo_amtrimonio_matera-76-333x500.jpg 333w\" sizes=\"auto, (max-width: 600px) 100vw, 600px\" \/>\n\t\t<div class=\"vp-portfolio__item-overlay\">\n\t\t\t\t\t<\/div>\n\n\t\t\t<\/div>\n<\/div>\n\n\t\t\t<\/figure>\n\t\t\t\t\t<\/div>\n\t\t\n<\/div>\n\t\t<\/div>\n\t\t\n<\/div>\n<\/div>","protected":false},"excerpt":{"rendered":"<p>Foto Matrimonio Matera<\/p>\n","protected":false},"author":1,"featured_media":19404,"parent":0,"menu_order":0,"comment_status":"closed","ping_status":"closed","template":"","meta":{"_vp_format_video_url":"","_vp_image_focal_point":[],"_vp_custom_popup_image":0,"_vp_format_audio_url":"","_vp_album_images":[],"_vp_custom_thumbnail":0,"_vp_custom_thumbnail_focal_point":[],"_vp_custom_thumbnail_cover":0,"_vp_hover_thumbnail":0,"_vp_hover_thumbnail_focal_point":[],"footnotes":""},"class_list":["post-21896","page","type-page","status-publish","has-post-thumbnail","hentry"],"_links":{"self":[{"href":"https:\/\/www.lucavieri.com\/it\/wp-json\/wp\/v2\/pages\/21896","targetHints":{"allow":["GET"]}}],"collection":[{"href":"https:\/\/www.lucavieri.com\/it\/wp-json\/wp\/v2\/pages"}],"about":[{"href":"https:\/\/www.lucavieri.com\/it\/wp-json\/wp\/v2\/types\/page"}],"author":[{"embeddable":true,"href":"https:\/\/www.lucavieri.com\/it\/wp-json\/wp\/v2\/users\/1"}],"replies":[{"embeddable":true,"href":"https:\/\/www.lucavieri.com\/it\/wp-json\/wp\/v2\/comments?post=21896"}],"version-history":[{"count":14,"href":"https:\/\/www.lucavieri.com\/it\/wp-json\/wp\/v2\/pages\/21896\/revisions"}],"predecessor-version":[{"id":39348,"href":"https:\/\/www.lucavieri.com\/it\/wp-json\/wp\/v2\/pages\/21896\/revisions\/39348"}],"wp:featuredmedia":[{"embeddable":true,"href":"https:\/\/www.lucavieri.com\/it\/wp-json\/wp\/v2\/media\/19404"}],"wp:attachment":[{"href":"https:\/\/www.lucavieri.com\/it\/wp-json\/wp\/v2\/media?parent=21896"}],"curies":[{"name":"wp","href":"https:\/\/api.w.org\/{rel}","templated":true}]}}