{"id":34474,"date":"2025-03-18T00:34:24","date_gmt":"2025-03-17T23:34:24","guid":{"rendered":"https:\/\/www.lucavieri.com\/?page_id=34474"},"modified":"2026-03-12T23:37:07","modified_gmt":"2026-03-12T22:37:07","slug":"monte-carlo-fotografo-di-eventi-e-cerimonie","status":"publish","type":"page","link":"https:\/\/www.lucavieri.com\/it\/monte-carlo-fotografo-di-eventi-e-cerimonie\/","title":{"rendered":"Monte-Carlo &#8211; fotografo d&#8217;eventi e cerimonie"},"content":{"rendered":"\n<div style=\"height:var(--wp--preset--spacing--50)\" aria-hidden=\"true\" class=\"wp-block-spacer\"><\/div>\n\n\n\n<h2 class=\"wp-block-heading has-text-align-center has-text-color has-bodoni-moda-font-family has-xx-large-font-size\" style=\"color:#6d6d6d;letter-spacing:2px;text-decoration:none;text-transform:uppercase\">Luca Vieri Fotografo<br>Eventi &amp; cerimonie <br>nel principato di Monaco<\/h2>\n\n\n\n<div style=\"height:var(--wp--preset--spacing--50)\" aria-hidden=\"true\" class=\"wp-block-spacer\"><\/div>\n\n\n\n<h3 class=\"wp-block-heading has-text-align-center has-accent-4-color has-text-color has-raleway-font-family has-large-font-size\" style=\"font-style:normal;font-weight:200;text-transform:uppercase\"><a href=\"#paris\" data-type=\"internal\" data-id=\"#paris\">HOTEL DE PARIS<\/a> &#8211; <a href=\"#lavigie\" data-type=\"internal\" data-id=\"#lavigie\">VILLA LA VIGIE<\/a> &#8211; <a href=\"#anabel\" data-type=\"internal\" data-id=\"#anabel\">VILLA ANABEL<\/a>&#8211; <a href=\"#hotelmetropole\" data-type=\"internal\" data-id=\"#hotelmetropole\">HOTEL METROPOLE<\/a> &#8211; <a href=\"#hotelhermitage\" data-type=\"internal\" data-id=\"#hotelhermitage\">HOTEL HERMITAGE<\/a> &#8211; <a href=\"#salledesetoiles\" data-type=\"internal\" data-id=\"#salledesetoiles\">SALLE DES ETOILES<\/a>&#8211; <a href=\"#salonbellevue\" data-type=\"internal\" data-id=\"#salonbellevue\">SALON BELLEVUE<\/a> &#8211; LE MERIDIEN PLAZA &#8211; MONTE CARLO BAY<br><\/h3>\n\n\n\n<figure class=\"wp-block-image aligncenter size-full is-style-tw-border\" style=\"margin-top:var(--wp--preset--spacing--50);margin-bottom:var(--wp--preset--spacing--50)\"><img loading=\"lazy\" decoding=\"async\" width=\"800\" height=\"533\" src=\"https:\/\/www.lucavieri.com\/wp-content\/uploads\/2021\/02\/luca_vieri_monaco_wedding_photographer_montecarlo_casino_hermitage-71.jpg\" alt=\"Op\u00e9ra de Monte-Carlo Luca Vieri Wedding Photographer\" class=\"wp-image-23800\"\/ style=\"object-position: 48% 46%;\" srcset=\"https:\/\/www.lucavieri.com\/wp-content\/uploads\/2021\/02\/luca_vieri_monaco_wedding_photographer_montecarlo_casino_hermitage-71.jpg 800w, https:\/\/www.lucavieri.com\/wp-content\/uploads\/2021\/02\/luca_vieri_monaco_wedding_photographer_montecarlo_casino_hermitage-71-500x333.jpg 500w, https:\/\/www.lucavieri.com\/wp-content\/uploads\/2021\/02\/luca_vieri_monaco_wedding_photographer_montecarlo_casino_hermitage-71-768x512.jpg 768w\" sizes=\"auto, (max-width: 800px) 100vw, 800px\" \/><figcaption class=\"wp-element-caption\"><em>Op\u00e9ra de Monte-Carlo, Casino de Monaco<\/em><\/figcaption><\/figure>\n\n\n\n<p class=\"has-secondary-color has-text-color has-raleway-font-family has-medium-font-size\" style=\"font-style:normal;font-weight:400;letter-spacing:2px;line-height:1.9;text-transform:none\">Sar\u00e0 un privilegio accompagnarvi attraverso le location pi\u00f9 suggestive, creando un racconto per immagini per sempre vostro, dalle ville pi\u00f9 prestigiose agli hotel pi\u00f9 iconici, Monte-Carlo e la Costa Azzurra racchiudono scenari davvero unici,<\/p>\n\n\n\n<figure class=\"wp-block-image aligncenter size-full is-style-tw-border\" style=\"margin-top:var(--wp--preset--spacing--50);margin-bottom:var(--wp--preset--spacing--50)\"><img loading=\"lazy\" decoding=\"async\" width=\"800\" height=\"533\" src=\"https:\/\/www.lucavieri.com\/wp-content\/uploads\/2021\/02\/luca_vieri_monaco_wedding_photographer_montecarlo_casino_hermitage-76.jpg\" alt=\"Op\u00e9ra de Monte-Carlo Luca Vieri Wedding Photographer\" class=\"wp-image-23806\"\/ style=\"object-position: 52% 82%;\" srcset=\"https:\/\/www.lucavieri.com\/wp-content\/uploads\/2021\/02\/luca_vieri_monaco_wedding_photographer_montecarlo_casino_hermitage-76.jpg 800w, https:\/\/www.lucavieri.com\/wp-content\/uploads\/2021\/02\/luca_vieri_monaco_wedding_photographer_montecarlo_casino_hermitage-76-500x333.jpg 500w, https:\/\/www.lucavieri.com\/wp-content\/uploads\/2021\/02\/luca_vieri_monaco_wedding_photographer_montecarlo_casino_hermitage-76-768x512.jpg 768w\" sizes=\"auto, (max-width: 800px) 100vw, 800px\" \/><figcaption class=\"wp-element-caption\"><em>Grand Th\u00e9\u00e2tre de Monte-Carlo<\/em><\/figcaption><\/figure>\n\n\n\n<h2 class=\"wp-block-heading has-text-align-left has-text-color has-link-color has-bodoni-moda-font-family has-x-large-font-size wp-elements-0e50c09b7818399f951d0f071d846975\" style=\"color:#6d6d6d;margin-top:var(--wp--preset--spacing--50);margin-bottom:var(--wp--preset--spacing--50);letter-spacing:3px;text-transform:uppercase\">Hotel De Paris, Monte-Carlo<\/h2>\n\n\n\n<p class=\"has-secondary-color has-text-color has-raleway-font-family has-medium-font-size\" style=\"font-style:normal;font-weight:400;letter-spacing:2px;line-height:1.9;text-transform:none\">Ho avuto il privilegio di fotografare alcuni miei sposi in aree riservate nell&#8217;Hotel de Paris a Monte-Carlo, un luogo leggendario, di cui non posso che esaltarne l&#8217;atmosfera unica e l&#8217;estetica superba. Fotografare qui ritratti irripetibili ad alcuni sposi, particolarmente attenti allo stile, ha reso possibile avere l&#8217;Hotel de Paris sfondo iconico per bellissime immagini.<\/p>\n\n\n\n<figure class=\"wp-block-image aligncenter size-full is-style-tw-border\" style=\"margin-top:var(--wp--preset--spacing--50);margin-bottom:var(--wp--preset--spacing--50)\"><img loading=\"lazy\" decoding=\"async\" width=\"800\" height=\"533\" src=\"https:\/\/www.lucavieri.com\/wp-content\/uploads\/2021\/02\/luca_vieri_monaco_wedding_photographer_montecarlo_casino_hermitage-65.jpg\" alt=\"Hotel de Paris Monaco Luca Vieri Wedding Photographer\" class=\"wp-image-23810\" style=\"aspect-ratio:3\/2;object-fit:cover\" srcset=\"https:\/\/www.lucavieri.com\/wp-content\/uploads\/2021\/02\/luca_vieri_monaco_wedding_photographer_montecarlo_casino_hermitage-65.jpg 800w, https:\/\/www.lucavieri.com\/wp-content\/uploads\/2021\/02\/luca_vieri_monaco_wedding_photographer_montecarlo_casino_hermitage-65-500x333.jpg 500w, https:\/\/www.lucavieri.com\/wp-content\/uploads\/2021\/02\/luca_vieri_monaco_wedding_photographer_montecarlo_casino_hermitage-65-768x512.jpg 768w\" sizes=\"auto, (max-width: 800px) 100vw, 800px\" \/><figcaption class=\"wp-element-caption\">Ingresso <em>Hotel de Paris, Monte-Carlo<\/em><\/figcaption><\/figure>\n\n\n\n<h2 class=\"wp-block-heading has-text-align-left has-italiana-font-family has-xx-large-font-size\" style=\"margin-top:var(--wp--preset--spacing--50);margin-bottom:var(--wp--preset--spacing--50);letter-spacing:3px;text-transform:uppercase\">VILLA LA VIGIE, <br>ROQUEBRUNE-CAP-MARTIN<\/h2>\n\n\n\n<figure class=\"wp-block-gallery has-nested-images columns-2 is-style-tw-img-rounded tw-fixed-cols tw-cols-large wp-block-gallery-1 is-layout-flex wp-block-gallery-is-layout-flex\">\n<figure class=\"wp-block-image aligncenter size-full is-style-tw-border\" style=\"margin-top:0;margin-bottom:0\"><img decoding=\"async\" data-id=\"25695\" src=\"https:\/\/www.lucavieri.com\/wp-content\/uploads\/2021\/04\/villa_la_vigie_monaco_montecarlo_wedding_photography_luca_vieri_photographer-2-e1635931595751.jpg\" alt=\"Wedding Monte-Carlo Luca Vieri Photography\" class=\"wp-image-25695\"\/><\/figure>\n\n\n\n<figure class=\"wp-block-image aligncenter size-full is-style-tw-border\" style=\"margin-top:0;margin-bottom:0\"><img loading=\"lazy\" decoding=\"async\" width=\"720\" height=\"1080\" data-id=\"23771\" src=\"https:\/\/www.lucavieri.com\/wp-content\/uploads\/2021\/02\/villa_la_vigie_monaco_montecarlo_wedding_photography_luca_vieri_photographer-4851.jpg\" alt=\"Villa La Vigie Wedding Monaco Luca Vieri Wedding Photographer Montecarlo\" class=\"wp-image-23771\"\/ style=\"object-position: 42% 56%;\" srcset=\"https:\/\/www.lucavieri.com\/wp-content\/uploads\/2021\/02\/villa_la_vigie_monaco_montecarlo_wedding_photography_luca_vieri_photographer-4851.jpg 720w, https:\/\/www.lucavieri.com\/wp-content\/uploads\/2021\/02\/villa_la_vigie_monaco_montecarlo_wedding_photography_luca_vieri_photographer-4851-333x500.jpg 333w, https:\/\/www.lucavieri.com\/wp-content\/uploads\/2021\/02\/villa_la_vigie_monaco_montecarlo_wedding_photography_luca_vieri_photographer-4851-500x750.jpg 500w\" sizes=\"auto, (max-width: 720px) 100vw, 720px\" \/><\/figure>\n<figcaption class=\"blocks-gallery-caption wp-element-caption\"><em>Sposa al balcone di Villa La Vigie, Monaco<\/em><\/figcaption><\/figure>\n\n\n\n<p class=\"has-secondary-color has-text-color has-raleway-font-family has-medium-font-size\" style=\"font-style:normal;font-weight:400;letter-spacing:2px;line-height:1.9;text-transform:none\">Adagiata su un piccolo promontorio di Roquebrune, Monaco, Villa La Vigie \u00e8 la raffinatezza in ogni dettaglio. Nel recente passato residenza estiva di Karl Lagerfeld, rappresenta una delle location pi\u00f9 esclusive del Principato di Monaco, Un luogo unico che ho avuto il privilegio di fotografare durante un importante matrimonio di due giorni.<\/p>\n\n\n\n<figure class=\"wp-block-image aligncenter size-full is-style-tw-border\" style=\"margin-top:var(--wp--preset--spacing--50);margin-bottom:var(--wp--preset--spacing--50)\"><img loading=\"lazy\" decoding=\"async\" width=\"1080\" height=\"720\" src=\"https:\/\/www.lucavieri.com\/wp-content\/uploads\/2021\/02\/villa_la_vigie_monaco_montecarlo_wedding_photography_luca_vieri_photographer-8836.jpg\" alt=\"Villa La Vigie Wedding Luca Vieri Photographer Montecarlo\" class=\"wp-image-23763\" srcset=\"https:\/\/www.lucavieri.com\/wp-content\/uploads\/2021\/02\/villa_la_vigie_monaco_montecarlo_wedding_photography_luca_vieri_photographer-8836.jpg 1080w, https:\/\/www.lucavieri.com\/wp-content\/uploads\/2021\/02\/villa_la_vigie_monaco_montecarlo_wedding_photography_luca_vieri_photographer-8836-500x333.jpg 500w, https:\/\/www.lucavieri.com\/wp-content\/uploads\/2021\/02\/villa_la_vigie_monaco_montecarlo_wedding_photography_luca_vieri_photographer-8836-768x512.jpg 768w, https:\/\/www.lucavieri.com\/wp-content\/uploads\/2021\/02\/villa_la_vigie_monaco_montecarlo_wedding_photography_luca_vieri_photographer-8836-900x600.jpg 900w\" sizes=\"auto, (max-width: 1080px) 100vw, 1080px\" \/><figcaption class=\"wp-element-caption\"><em>Villa La Vigie, Monaco<\/em><\/figcaption><\/figure>\n\n\n\n<h2 class=\"wp-block-heading has-italiana-font-family has-xx-large-font-size\" style=\"margin-top:var(--wp--preset--spacing--50);margin-bottom:var(--wp--preset--spacing--50);letter-spacing:3px;text-transform:uppercase\">Hotel Hermitage<\/h2>\n\n\n\n<p class=\"has-secondary-color has-text-color has-raleway-font-family has-medium-font-size\" style=\"font-style:normal;font-weight:400;letter-spacing:2px;line-height:1.9;text-transform:none\">Se desiderate pianificare il vostro matrimonio a Monaco ed un aperitivo al Casin\u00f2, dovreste scoprire la magia di alcuni matrimoni che ho avuto il privilegio di fotografare in alcuni ambienti dell&#8217;Hotel Hermitage di Monte-Carlo. <\/p>\n\n\n\n<figure class=\"wp-block-image aligncenter size-full is-style-tw-border\" style=\"margin-top:var(--wp--preset--spacing--50);margin-bottom:var(--wp--preset--spacing--50)\"><img loading=\"lazy\" decoding=\"async\" width=\"800\" height=\"533\" src=\"https:\/\/www.lucavieri.com\/wp-content\/uploads\/2021\/02\/luca_vieri_monaco_wedding_photographer_montecarlo_casino_hermitage-55.jpg\" alt=\"\" class=\"wp-image-23825\" srcset=\"https:\/\/www.lucavieri.com\/wp-content\/uploads\/2021\/02\/luca_vieri_monaco_wedding_photographer_montecarlo_casino_hermitage-55.jpg 800w, https:\/\/www.lucavieri.com\/wp-content\/uploads\/2021\/02\/luca_vieri_monaco_wedding_photographer_montecarlo_casino_hermitage-55-500x333.jpg 500w, https:\/\/www.lucavieri.com\/wp-content\/uploads\/2021\/02\/luca_vieri_monaco_wedding_photographer_montecarlo_casino_hermitage-55-768x512.jpg 768w\" sizes=\"auto, (max-width: 800px) 100vw, 800px\" \/><figcaption class=\"wp-element-caption\"><em>Hotel Hermitage, Monaco<\/em><\/figcaption><\/figure>\n\n\n\n<figure class=\"wp-block-image aligncenter size-full is-style-tw-border\" style=\"margin-top:var(--wp--preset--spacing--50);margin-bottom:var(--wp--preset--spacing--50)\"><img loading=\"lazy\" decoding=\"async\" width=\"1500\" height=\"1000\" src=\"https:\/\/www.lucavieri.com\/wp-content\/uploads\/2020\/04\/hotel_hermitage_monaco_wedding_photographer_luca_vieri_montecarlo_cote_d_azur.jpg\" alt=\"Hotel Hermitage Monaco\" class=\"wp-image-191\"\/ style=\"object-position: 49% 71%;\" srcset=\"https:\/\/www.lucavieri.com\/wp-content\/uploads\/2020\/04\/hotel_hermitage_monaco_wedding_photographer_luca_vieri_montecarlo_cote_d_azur.jpg 1500w, https:\/\/www.lucavieri.com\/wp-content\/uploads\/2020\/04\/hotel_hermitage_monaco_wedding_photographer_luca_vieri_montecarlo_cote_d_azur-500x333.jpg 500w, https:\/\/www.lucavieri.com\/wp-content\/uploads\/2020\/04\/hotel_hermitage_monaco_wedding_photographer_luca_vieri_montecarlo_cote_d_azur-150x100.jpg 150w, https:\/\/www.lucavieri.com\/wp-content\/uploads\/2020\/04\/hotel_hermitage_monaco_wedding_photographer_luca_vieri_montecarlo_cote_d_azur-768x512.jpg 768w, https:\/\/www.lucavieri.com\/wp-content\/uploads\/2020\/04\/hotel_hermitage_monaco_wedding_photographer_luca_vieri_montecarlo_cote_d_azur-900x600.jpg 900w, https:\/\/www.lucavieri.com\/wp-content\/uploads\/2020\/04\/hotel_hermitage_monaco_wedding_photographer_luca_vieri_montecarlo_cote_d_azur-1200x800.jpg 1200w\" sizes=\"auto, (max-width: 1500px) 100vw, 1500px\" \/><figcaption class=\"wp-element-caption\"><em>Wedding at <em>H\u00f4tel&nbsp;Hermitage<\/em>, Monte-Carlo<\/em><\/figcaption><\/figure>\n\n\n\n<figure class=\"wp-block-image aligncenter size-full is-style-tw-border\" style=\"margin-top:var(--wp--preset--spacing--50);margin-bottom:var(--wp--preset--spacing--50)\"><img loading=\"lazy\" decoding=\"async\" width=\"800\" height=\"533\" src=\"https:\/\/www.lucavieri.com\/wp-content\/uploads\/2021\/02\/luca_vieri_monaco_wedding_photographer_montecarlo_casino_hermitage-105.jpg\" alt=\"Hotel Hermitage Wedding Luca Vieri Photographer\" class=\"wp-image-23790\" srcset=\"https:\/\/www.lucavieri.com\/wp-content\/uploads\/2021\/02\/luca_vieri_monaco_wedding_photographer_montecarlo_casino_hermitage-105.jpg 800w, https:\/\/www.lucavieri.com\/wp-content\/uploads\/2021\/02\/luca_vieri_monaco_wedding_photographer_montecarlo_casino_hermitage-105-500x333.jpg 500w, https:\/\/www.lucavieri.com\/wp-content\/uploads\/2021\/02\/luca_vieri_monaco_wedding_photographer_montecarlo_casino_hermitage-105-768x512.jpg 768w\" sizes=\"auto, (max-width: 800px) 100vw, 800px\" \/><figcaption class=\"wp-element-caption\"><em>Matrimonio nella Sala Belle Epoque dell&#8217; H\u00f4tel&nbsp;Hermitage di Monaco<\/em><\/figcaption><\/figure>\n\n\n\n<h2 class=\"wp-block-heading has-italiana-font-family has-xx-large-font-size\" style=\"margin-top:var(--wp--preset--spacing--50);margin-bottom:var(--wp--preset--spacing--50);letter-spacing:3px;text-transform:uppercase\">Caf\u00e8 de Paris<\/h2>\n\n\n\n<p class=\"has-secondary-color has-text-color has-raleway-font-family has-medium-font-size\" style=\"font-style:normal;font-weight:400;letter-spacing:2px;line-height:1.9;text-transform:none\">Chi pu\u00f2 pensare a Monaco senza menzionare il Caf\u00e9 de Paris? Se desiderate aggiungere un filo di fascino retr\u00f2 alla vostra promessa a Monaco, accanto al Casino di Monaco, \u00e8 stato una volta uno splendido scenario per alcuni scatti realizzati al bancone del Bar in stile retr\u00f2 durante un bizzarro cin cin degli Sposi!<\/p>\n\n\n\n<figure class=\"wp-block-image aligncenter size-full is-style-tw-border\" style=\"margin-top:var(--wp--preset--spacing--50);margin-bottom:var(--wp--preset--spacing--50)\"><img loading=\"lazy\" decoding=\"async\" width=\"800\" height=\"597\" src=\"https:\/\/www.lucavieri.com\/wp-content\/uploads\/2021\/02\/mairie_monaco_wedding_photographer_luca_vieri.jpg\" alt=\"Mairie Monaco Wedding Luca Vieri Photographer\" class=\"wp-image-23818\" srcset=\"https:\/\/www.lucavieri.com\/wp-content\/uploads\/2021\/02\/mairie_monaco_wedding_photographer_luca_vieri.jpg 800w, https:\/\/www.lucavieri.com\/wp-content\/uploads\/2021\/02\/mairie_monaco_wedding_photographer_luca_vieri-500x373.jpg 500w, https:\/\/www.lucavieri.com\/wp-content\/uploads\/2021\/02\/mairie_monaco_wedding_photographer_luca_vieri-768x573.jpg 768w\" sizes=\"auto, (max-width: 800px) 100vw, 800px\" \/><figcaption class=\"wp-element-caption\"><em>Matrimonio civile alla Mairie di  Monaco&nbsp;<\/em><\/figcaption><\/figure>\n\n\n\n<h2 class=\"wp-block-heading has-text-align-center has-italiana-font-family has-xx-large-font-size\" style=\"margin-top:var(--wp--preset--spacing--50);margin-bottom:var(--wp--preset--spacing--50);letter-spacing:3px;text-transform:uppercase\">Informazioni<\/h2>\n\n\n<div class=\"cfcf7-block-container\"><div style=\"--cfcf7-block-bg:#fff; --cfcf7-block-line-height:1.4em; --cfcf7-block-font-size:16px; --cfcf7-block-padding-top:2em; --cfcf7-block-padding-sides:3em; --cfcf7-block-padding-bottom:2em; --cfcf7-block-margin-top:0em; --cfcf7-block-margin-sides:0em; --cfcf7-block-margin-bottom:0em; --cfcf7-block-radius:0em; --cfcf7-block-radius-top-left:0em; --cfcf7-block-radius-top-right:0em; --cfcf7-block-radius-bottom-left:0em; --cfcf7-block-radius-bottom-right:0em; --cfcf7-block-shadow:none; --cfcf7-block-border-style:none; --cfcf7-block-border-width:0; --cfcf7-block-border-color:black; background-color:var(--cfcf7-block-bg); line-height:var(--cfcf7-block-line-height) !important; font-size:var(--cfcf7-block-font-size); padding-top:var(--cfcf7-block-padding-top); padding-left:var(--cfcf7-block-padding-sides); padding-right:var(--cfcf7-block-padding-sides); padding-bottom:var(--cfcf7-block-padding-bottom); margin-top:var(--cfcf7-block-margin-top); margin-left:var(--cfcf7-block-margin-sides); margin-right:var(--cfcf7-block-margin-sides); margin-bottom:var(--cfcf7-block-margin-bottom); border-top-left-radius:var(--cfcf7-block-radius-top-left, var(--cfcf7-block-radius, 0)); border-top-right-radius:var(--cfcf7-block-radius-top-right, var(--cfcf7-block-radius, 0)); border-bottom-left-radius:var(--cfcf7-block-radius-bottom-left, var(--cfcf7-block-radius, 0)); border-bottom-right-radius:var(--cfcf7-block-radius-bottom-right, var(--cfcf7-block-radius, 0)); box-shadow:var(--cfcf7-block-shadow); border-style:var(--cfcf7-block-border-style); border-width:var(--cfcf7-block-border-width); border-color:var(--cfcf7-block-border-color);\" class=\"cfcf7-block cfcf7-instance-2 wp-block-mofistudio-customizer-block-cf7\">\n<div class=\"wpcf7 no-js\" id=\"wpcf7-f23493-o1\" lang=\"en-US\" dir=\"ltr\" data-wpcf7-id=\"23493\">\n<div class=\"screen-reader-response\"><p role=\"status\" aria-live=\"polite\" aria-atomic=\"true\"><\/p> <ul><\/ul><\/div>\n<form action=\"\/it\/wp-json\/wp\/v2\/pages\/34474#wpcf7-f23493-o1\" method=\"post\" class=\"wpcf7-form init\" aria-label=\"Contact form\" novalidate=\"novalidate\" data-status=\"init\">\n<fieldset class=\"hidden-fields-container\"><input type=\"hidden\" name=\"_wpcf7\" value=\"23493\" \/><input type=\"hidden\" name=\"_wpcf7_version\" value=\"6.1.5\" \/><input type=\"hidden\" name=\"_wpcf7_locale\" value=\"en_US\" \/><input type=\"hidden\" name=\"_wpcf7_unit_tag\" value=\"wpcf7-f23493-o1\" \/><input type=\"hidden\" name=\"_wpcf7_container_post\" value=\"0\" \/><input type=\"hidden\" name=\"_wpcf7_posted_data_hash\" value=\"\" \/><input type=\"hidden\" name=\"_wpcf7_recaptcha_response\" value=\"\" \/>\n<\/fieldset>\n<p><span class=\"wpcf7-form-control-wrap\" data-name=\"couple-name\"><input size=\"40\" maxlength=\"400\" class=\"wpcf7-form-control wpcf7-text wpcf7-validates-as-required\" aria-required=\"true\" aria-invalid=\"false\" placeholder=\"Nome e cognome*\" value=\"\" type=\"text\" name=\"couple-name\" \/><\/span>\n<\/p>\n<p><span class=\"wpcf7-form-control-wrap\" data-name=\"your-email\"><input size=\"40\" maxlength=\"400\" class=\"wpcf7-form-control wpcf7-email wpcf7-validates-as-required wpcf7-text wpcf7-validates-as-email\" aria-required=\"true\" aria-invalid=\"false\" placeholder=\"Email *\" value=\"\" type=\"email\" name=\"your-email\" \/><\/span>\n<\/p>\n<p><span class=\"wpcf7-form-control-wrap\" data-name=\"instagram\"><input size=\"40\" maxlength=\"400\" class=\"wpcf7-form-control wpcf7-text\" aria-invalid=\"false\" placeholder=\"Link Instagram\" value=\"\" type=\"text\" name=\"instagram\" \/><\/span>\n<\/p>\n<p><span class=\"wpcf7-form-control-wrap\" data-name=\"phone\"><input size=\"40\" maxlength=\"400\" class=\"wpcf7-form-control wpcf7-tel wpcf7-validates-as-required wpcf7-text wpcf7-validates-as-tel\" aria-required=\"true\" aria-invalid=\"false\" placeholder=\"Telefono *\" value=\"\" type=\"tel\" name=\"phone\" \/><\/span>\n<\/p>\n<p><span class=\"wpcf7-form-control-wrap\" data-name=\"your-message\"><textarea cols=\"40\" rows=\"10\" maxlength=\"2000\" class=\"wpcf7-form-control wpcf7-textarea wpcf7-validates-as-required\" aria-required=\"true\" aria-invalid=\"false\" placeholder=\"Richiesta *\" name=\"your-message\"><\/textarea><\/span>\n<\/p>\n<p><span class=\"wpcf7-form-control-wrap\" data-name=\"your-consent\"><span class=\"wpcf7-form-control wpcf7-acceptance\"><span class=\"wpcf7-list-item\"><label><input type=\"checkbox\" name=\"your-consent\" value=\"1\" aria-invalid=\"false\" \/><span class=\"wpcf7-list-item-label\">A seguito dell\u2019 informativa <a href=\"https:\/\/www.lucavieri.com\/it\/termini-e-condizioni\/\">ricevuta<\/a> fornisco il consenso al trattamento dei miei dati personali.\nQuesto sito \u00e8 protetto da reCAPTCHA e si applicano la Privacy Policy e i Termini del Servizio di Google.<\/a>.<\/span><\/label><\/span><\/span><\/span>\n<\/p>\n<p><input class=\"wpcf7-form-control wpcf7-submit has-spinner\" type=\"submit\" value=\"Invia\" \/>\n<\/p><div class=\"wpcf7-response-output\" aria-hidden=\"true\"><\/div>\n<\/form>\n<\/div>\n<\/div><\/div>","protected":false},"excerpt":{"rendered":"<p>Luca Vieri FotografoEventi &amp; cerimonie nel principato di Monaco HOTEL DE PARIS &#8211; VILLA LA VIGIE &#8211; VILLA ANABEL&#8211; HOTEL METROPOLE &#8211; HOTEL HERMITAGE &#8211; SALLE DES ETOILES&#8211; SALON BELLEVUE &#8211; LE MERIDIEN PLAZA &#8211; MONTE CARLO BAY Sar\u00e0 un privilegio accompagnarvi attraverso le location pi\u00f9 suggestive, creando un racconto per immagini per sempre vostro, [&hellip;]<\/p>\n","protected":false},"author":1,"featured_media":40335,"parent":0,"menu_order":0,"comment_status":"closed","ping_status":"closed","template":"","meta":{"_vp_format_video_url":"","_vp_image_focal_point":[],"_vp_custom_popup_image":0,"_vp_format_audio_url":"","_vp_album_images":[],"_vp_custom_thumbnail":0,"_vp_custom_thumbnail_focal_point":[],"_vp_custom_thumbnail_cover":0,"_vp_hover_thumbnail":0,"_vp_hover_thumbnail_focal_point":[],"footnotes":""},"class_list":["post-34474","page","type-page","status-publish","has-post-thumbnail","hentry"],"_links":{"self":[{"href":"https:\/\/www.lucavieri.com\/it\/wp-json\/wp\/v2\/pages\/34474","targetHints":{"allow":["GET"]}}],"collection":[{"href":"https:\/\/www.lucavieri.com\/it\/wp-json\/wp\/v2\/pages"}],"about":[{"href":"https:\/\/www.lucavieri.com\/it\/wp-json\/wp\/v2\/types\/page"}],"author":[{"embeddable":true,"href":"https:\/\/www.lucavieri.com\/it\/wp-json\/wp\/v2\/users\/1"}],"replies":[{"embeddable":true,"href":"https:\/\/www.lucavieri.com\/it\/wp-json\/wp\/v2\/comments?post=34474"}],"version-history":[{"count":1,"href":"https:\/\/www.lucavieri.com\/it\/wp-json\/wp\/v2\/pages\/34474\/revisions"}],"predecessor-version":[{"id":41852,"href":"https:\/\/www.lucavieri.com\/it\/wp-json\/wp\/v2\/pages\/34474\/revisions\/41852"}],"wp:featuredmedia":[{"embeddable":true,"href":"https:\/\/www.lucavieri.com\/it\/wp-json\/wp\/v2\/media\/40335"}],"wp:attachment":[{"href":"https:\/\/www.lucavieri.com\/it\/wp-json\/wp\/v2\/media?parent=34474"}],"curies":[{"name":"wp","href":"https:\/\/api.w.org\/{rel}","templated":true}]}}