{"id":39655,"date":"2022-12-20T16:04:28","date_gmt":"2022-12-20T15:04:28","guid":{"rendered":"https:\/\/www.lucavieri.com\/privacy-policy\/"},"modified":"2025-09-04T16:45:58","modified_gmt":"2025-09-04T14:45:58","slug":"privacy-policy","status":"publish","type":"page","link":"https:\/\/www.lucavieri.com\/it\/privacy-policy\/","title":{"rendered":"Privacy Policy"},"content":{"rendered":"\n<p class=\"has-raleway-font-family has-medium-font-size\" style=\"font-style:normal;font-weight:400;letter-spacing:2px;line-height:1.9;text-transform:none\"><strong>PRIVACY POLICY<\/strong><br>Ai sensi dell\u2019art. 13 del Regolamento (UE) 2016\/679 (GDPR)<\/p>\n\n\n\n<p class=\"has-raleway-font-family has-medium-font-size\" style=\"font-style:normal;font-weight:400;letter-spacing:2px;line-height:1.9;text-transform:none\">Questa informativa descrive le modalit\u00e0 con cui <strong>Luca Vieri<\/strong> &#8220;titolare&#8221; tratta i dati personali degli utenti che visitano il sito web <strong>www.lucavieri.com<\/strong> <\/p>\n\n\n\n<p class=\"has-raleway-font-family has-medium-font-size\" style=\"font-style:normal;font-weight:400;letter-spacing:2px;line-height:1.9;text-transform:none\"><strong>1. Titolare del Trattamento<\/strong><\/p>\n\n\n\n<p class=\"has-raleway-font-family has-medium-font-size\" style=\"font-style:normal;font-weight:400;letter-spacing:2px;line-height:1.9;text-transform:none\">Il Titolare del Trattamento \u00e8 <strong>Luca Vieri<\/strong>.<\/p>\n\n\n\n<p class=\"has-raleway-font-family has-medium-font-size\" style=\"font-style:normal;font-weight:400;letter-spacing:2px;line-height:1.9;text-transform:none\">Sede Legale: Via Valdirodi 55 &#8211; 18014 &#8211; Ospedaletti (IM)<br>Partita IVA \/ Codice Fiscale: IT03841930963 \/ VRILCU76A12I138M<br>Email di contatto: privacy@lucavieri.com<br>Per qualsiasi questione relativa al trattamento dei tuoi dati, puoi contattarci a questo indirizzo.<\/p>\n\n\n\n<p class=\"has-raleway-font-family has-medium-font-size\" style=\"font-style:normal;font-weight:400;letter-spacing:2px;line-height:1.9;text-transform:none\"><strong>2. Tipologie di Dati Raccolti<\/strong><\/p>\n\n\n\n<p class=\"has-raleway-font-family has-medium-font-size\" style=\"font-style:normal;font-weight:400;letter-spacing:2px;line-height:1.9;text-transform:none\">Il Titolare tratta le seguenti categorie di dati:<\/p>\n\n\n\n<p class=\"has-raleway-font-family has-medium-font-size\" style=\"font-style:normal;font-weight:400;letter-spacing:2px;line-height:1.9;text-transform:none\">Dati forniti volontariamente dall&#8217;utente:<br>Dati anagrafici e di contatto (es. nome, cognome, email, numero di telefono) forniti tramite il modulo di contatto o tramite comunicazione diretta via email per richiedere informazioni, preventivi o prenotare un servizio.<br>Dati di navigazione:<br>Indirizzi IP, tipo di browser, orari di accesso e altri parametri relativi al sistema operativo e all&#8217;ambiente informatico dell&#8217;utente, raccolti automaticamente durante la navigazione sul Sito per garantirne il corretto funzionamento.<br><strong>Dati raccolti tramite Cookie:<\/strong><br>Per i dettagli sui cookie utilizzati, si prega di consultare la nostra <a href=\"https:\/\/www.lucavieri.com\/it\/cookie-policy\/\" data-type=\"page\" data-id=\"29767\"><strong>Cookie Policy<\/strong><\/a>.<br>Immagini e Dati particolari:<br>Fotografie e video che possono ritrarre persone fisiche, raccolti esclusivamente durante l&#8217;esecuzione di un servizio fotografico. Tali dati, che possono rivelare informazioni sensibili (es. appartenenza religiosa durante una cerimonia), vengono trattati solo con il consenso esplicito degli interessati<br>.<br><strong>3. Finalit\u00e0, Base Giuridica e Tempi di Conservazione<\/strong><\/p>\n\n\n\n<p class=\"has-raleway-font-family has-medium-font-size\" style=\"font-style:normal;font-weight:400;letter-spacing:2px;line-height:1.9;text-transform:none\">I tuoi dati personali sono trattati per le seguenti finalit\u00e0:<\/p>\n\n\n\n<p class=\"has-raleway-font-family has-medium-font-size\" style=\"font-style:normal;font-weight:400;letter-spacing:2px;line-height:1.9;text-transform:none\">Finalit\u00e0 del Trattamento Base Giuridica Periodo di Conservazione<br>A) Rispondere a richieste di informazioni e preventivi Esecuzione di misure pre-contrattuali (Art. 6.1.b GDPR) Per il tempo necessario a gestire la richiesta; in caso di mancato contratto, massimo 24 mesi dall&#8217;ultima comunicazione.<br>B) Esecuzione del contratto di servizio fotografico Esecuzione di un contratto (Art. 6.1.b GDPR) Per tutta la durata del rapporto contrattuale e per i 10 anni successivi per obblighi civilistici e fiscali.<br>C) Adempimento di obblighi legali e fiscali Obbligo legale (Art. 6.1.c GDPR) 10 anni, come previsto dalla normativa fiscale e contabile.<br>D) Pubblicazione di immagini sul sito\/portfolio\/social Consenso esplicito dell&#8217;interessato (Art. 6.1.a GDPR), tramite firma di apposita liberatoria (model release). Fino a revoca del consenso da parte dell&#8217;interessato.<br>E) Invio di comunicazioni promozionali o newsletter Consenso esplicito dell&#8217;interessato (Art. 6.1.a GDPR) Fino a revoca del consenso (disiscrizione).<br>F) Garantire la sicurezza del sito e prevenire frodi Legittimo interesse del Titolare (Art. 6.1.f GDPR) Per un periodo massimo di 12 mesi.<br><br><strong>4. Natura del Conferimento dei Dati<\/strong><\/p>\n\n\n\n<p class=\"has-raleway-font-family has-medium-font-size\" style=\"font-style:normal;font-weight:400;letter-spacing:2px;line-height:1.9;text-transform:none\">Il conferimento dei dati per le finalit\u00e0 A) e B) \u00e8 necessario per poter rispondere alle tue richieste e per eseguire il contratto. Un eventuale rifiuto renderebbe impossibile fornire il servizio.<br>Il conferimento dei dati per la finalit\u00e0 C) \u00e8 obbligatorio per legge.<br>Il conferimento dei dati per le finalit\u00e0 D) ed E) \u00e8 facoltativo e basato sul tuo consenso, che puoi revocare in qualsiasi momento senza pregiudicare la liceit\u00e0 del trattamento basata sul consenso prestato prima della revoca.<br><br><strong>5. Destinatari dei Dati<\/strong><\/p>\n\n\n\n<p class=\"has-raleway-font-family has-medium-font-size\" style=\"font-style:normal;font-weight:400;letter-spacing:2px;line-height:1.9;text-transform:none\">I tuoi dati potranno essere comunicati a soggetti terzi, nominati Responsabili del Trattamento, per svolgere attivit\u00e0 funzionali a quelle del Titolare. Le categorie di destinatari includono:<\/p>\n\n\n\n<p class=\"has-raleway-font-family has-medium-font-size\" style=\"font-style:normal;font-weight:400;letter-spacing:2px;line-height:1.9;text-transform:none\">Collaboratori (es. secondi fotografi, videomaker, stampatori).<br>Consulenti fiscali e legali.<br>Fornitori di servizi IT (es. hosting, provider email, servizi cloud, piattaforme di gestione gallerie online).<br>Autorit\u00e0 pubbliche, qualora richiesto dalla legge.<br>L&#8217;elenco aggiornato dei Responsabili del Trattamento \u00e8 disponibile su richiesta. I dati non saranno diffusi.<\/p>\n\n\n\n<p class=\"has-raleway-font-family has-medium-font-size\" style=\"font-style:normal;font-weight:400;letter-spacing:2px;line-height:1.9;text-transform:none\"><strong>6. Trasferimento di Dati Extra-UE<\/strong><\/p>\n\n\n\n<p class=\"has-raleway-font-family has-medium-font-size\" style=\"font-style:normal;font-weight:400;letter-spacing:2px;line-height:1.9;text-transform:none\">Alcuni fornitori di servizi (es. Google, Meta, servizi cloud) potrebbero avere sede al di fuori dello Spazio Economico Europeo. Il Titolare garantisce che il trasferimento dei dati avvenga in conformit\u00e0 con la normativa vigente, attraverso l&#8217;adozione di Clausole Contrattuali Standard (SCC) approvate dalla Commissione Europea o in presenza di una decisione di adeguatezza.<\/p>\n\n\n\n<p class=\"has-raleway-font-family has-medium-font-size\" style=\"font-style:normal;font-weight:400;letter-spacing:2px;line-height:1.9;text-transform:none\"><strong>7. Diritti dell&#8217;Interessato<\/strong><\/p>\n\n\n\n<p class=\"has-raleway-font-family has-medium-font-size\" style=\"font-style:normal;font-weight:400;letter-spacing:2px;line-height:1.9;text-transform:none\">In qualit\u00e0 di interessato, hai il diritto di:<\/p>\n\n\n\n<p class=\"has-raleway-font-family has-medium-font-size\" style=\"font-style:normal;font-weight:400;letter-spacing:2px;line-height:1.9;text-transform:none\">Accesso: Chiedere conferma che sia in corso un trattamento dei tuoi dati e ottenerne una copia.<br>Rettifica: Chiedere la correzione dei dati inesatti.<br>Cancellazione (Oblio): Chiedere la cancellazione dei tuoi dati, nei casi previsti dalla legge.<br>Limitazione: Chiedere la limitazione del trattamento.<br>Portabilit\u00e0: Ricevere i tuoi dati in un formato strutturato e leggibile da dispositivo automatico.<br>Opposizione: Opporti al trattamento dei tuoi dati, in particolare per finalit\u00e0 di marketing.<br>Revoca del Consenso: Revocare il consenso in qualsiasi momento.<br>Per esercitare i tuoi diritti, puoi inviare una richiesta all&#8217;indirizzo email del Titolare. Hai inoltre il diritto di proporre reclamo all&#8217;Autorit\u00e0 di Controllo competente (in Italia, il Garante per la Protezione dei Dati Personali).<\/p>\n\n\n\n<p class=\"has-raleway-font-family has-medium-font-size\" style=\"font-style:normal;font-weight:400;letter-spacing:2px;line-height:1.9;text-transform:none\"><strong>8. Aggiornamenti a questa Policy<\/strong><\/p>\n\n\n\n<p class=\"has-raleway-font-family has-medium-font-size\" style=\"font-style:normal;font-weight:400;letter-spacing:2px;line-height:1.9;text-transform:none\">Questa informativa potrebbe essere soggetta a modifiche e aggiornamenti. La versione pi\u00f9 recente sar\u00e0 sempre disponibile su questa pagina.<\/p>\n\n\n\n<p class=\"has-raleway-font-family has-medium-font-size\" style=\"font-style:normal;font-weight:400;letter-spacing:2px;line-height:1.9;text-transform:none\">Ultimo aggiornamento: 04\/09\/2025<\/p>\n","protected":false},"excerpt":{"rendered":"<p>PRIVACY POLICYAi sensi dell\u2019art. 13 del Regolamento (UE) 2016\/679 (GDPR) Questa informativa descrive le modalit\u00e0 con cui Luca Vieri &#8220;titolare&#8221; tratta i dati personali degli utenti che visitano il sito web www.lucavieri.com 1. Titolare del Trattamento Il Titolare del Trattamento \u00e8 Luca Vieri. Sede Legale: Via Valdirodi 55 &#8211; 18014 &#8211; Ospedaletti (IM)Partita IVA \/ [&hellip;]<\/p>\n","protected":false},"author":1,"featured_media":0,"parent":0,"menu_order":0,"comment_status":"closed","ping_status":"closed","template":"","meta":{"_vp_format_video_url":"","_vp_image_focal_point":[],"_vp_custom_popup_image":0,"_vp_format_audio_url":"","_vp_album_images":[],"_vp_custom_thumbnail":0,"_vp_custom_thumbnail_focal_point":[],"_vp_custom_thumbnail_cover":0,"_vp_hover_thumbnail":0,"_vp_hover_thumbnail_focal_point":[],"footnotes":""},"class_list":["post-39655","page","type-page","status-publish","hentry"],"_links":{"self":[{"href":"https:\/\/www.lucavieri.com\/it\/wp-json\/wp\/v2\/pages\/39655","targetHints":{"allow":["GET"]}}],"collection":[{"href":"https:\/\/www.lucavieri.com\/it\/wp-json\/wp\/v2\/pages"}],"about":[{"href":"https:\/\/www.lucavieri.com\/it\/wp-json\/wp\/v2\/types\/page"}],"author":[{"embeddable":true,"href":"https:\/\/www.lucavieri.com\/it\/wp-json\/wp\/v2\/users\/1"}],"replies":[{"embeddable":true,"href":"https:\/\/www.lucavieri.com\/it\/wp-json\/wp\/v2\/comments?post=39655"}],"version-history":[{"count":6,"href":"https:\/\/www.lucavieri.com\/it\/wp-json\/wp\/v2\/pages\/39655\/revisions"}],"predecessor-version":[{"id":39664,"href":"https:\/\/www.lucavieri.com\/it\/wp-json\/wp\/v2\/pages\/39655\/revisions\/39664"}],"wp:attachment":[{"href":"https:\/\/www.lucavieri.com\/it\/wp-json\/wp\/v2\/media?parent=39655"}],"curies":[{"name":"wp","href":"https:\/\/api.w.org\/{rel}","templated":true}]}}